{"id":1507,"date":"2020-01-11T16:18:28","date_gmt":"2020-01-11T21:18:28","guid":{"rendered":"https:\/\/www.ameco.net\/incio\/"},"modified":"2020-01-12T18:40:58","modified_gmt":"2020-01-12T23:40:58","slug":"incio","status":"publish","type":"page","link":"https:\/\/www.ameco.net\/es\/","title":{"rendered":"Incio"},"content":{"rendered":"\n\t<h1>American Equipment Company<br \/>\nEquipamiento Ferroviario e Industrial<\/h1>\n\t<h2>Nuestros Productos<\/h2>\n\t<a href=\"https:\/\/www.ameco.net\/es\/products\/equipos-de-mantenimiento-de-vias\/\">\n\t\t\t\t<img loading=\"lazy\" decoding=\"async\" src=\"https:\/\/www.ameco.net\/wp-content\/uploads\/2019\/12\/tn-trackside-maintenance-equipment.jpg\" width=\"60\" height=\"60\" alt=\"Equipos de Mantenimiento de V\u00edas\">\n\t\t\t\t<h3>Equipos de Mantenimiento de V\u00edas<\/h3>\n\t<\/a>\n\t<a href=\"\/?rw_product_category=locomotive-workshop-tools\">\n\t\t\t\t<img loading=\"lazy\" decoding=\"async\" src=\"https:\/\/www.ameco.net\/wp-content\/uploads\/2019\/12\/tn-locomotive-workshop-tools.jpg\" width=\"60\" height=\"60\" alt=\"Herramientas de Taller de Locomotoras\">\n\t\t\t\t<h3>Herramientas de Taller de Locomotoras<\/h3>\n\t<\/a>\n\t<a href=\"\/?rw_product_category=rail-and-wheel-flaw-detection\">\n\t\t\t\t<img loading=\"lazy\" decoding=\"async\" src=\"https:\/\/www.ameco.net\/wp-content\/uploads\/2019\/12\/tn-rail-wheel-flaw-detection.jpg\" width=\"60\" height=\"60\" alt=\"Rail &amp; Wheel Flaw Detection\">\n\t\t\t\t<h3>Rail &amp; Wheel Flaw Detection<\/h3>\n\t<\/a>\n\t<a href=\"\/?rw_product_category=locomotive-driver-training-simulators\">\n\t\t\t\t<img loading=\"lazy\" decoding=\"async\" src=\"https:\/\/www.ameco.net\/wp-content\/uploads\/2019\/12\/tn-locomotive-driver-simulators.jpg\" width=\"60\" height=\"60\" alt=\"Locomotive Driver Simulators\">\n\t\t\t\t<h3>Locomotive Driver Simulators<\/h3>\n\t<\/a>\n\t<a href=\"https:\/\/www.ameco.net\/es\/products\/equipos-de-via-lateral\/\">\n\t\t\t\t<img loading=\"lazy\" decoding=\"async\" src=\"https:\/\/www.ameco.net\/wp-content\/uploads\/2019\/12\/tn-trackside-equipment.jpg\" width=\"60\" height=\"60\" alt=\"Equipos de V\u00eda Lateral\">\n\t\t\t\t<h3>Equipos de V\u00eda Lateral<\/h3>\n\t<\/a>\n\t<a href=\"https:\/\/www.ameco.net\/es\/products\/gruas-ferroviarias-portuarias-e-industriales\/\">\n\t\t\t\t<img loading=\"lazy\" decoding=\"async\" src=\"https:\/\/www.ameco.net\/wp-content\/uploads\/2019\/12\/tn-railway-port-industrial-cranes.jpg\" width=\"60\" height=\"60\" alt=\"Gr\u00faas Ferroviarias, Portuarias e Industriales\">\n\t\t\t\t<h3>Gr\u00faas Ferroviarias, Portuarias e Industriales<\/h3>\n\t<\/a>\n\t<a href=\"\/?rw_product_category=wheel-and-axle-shop-equipment\">\n\t\t\t\t<img loading=\"lazy\" decoding=\"async\" src=\"https:\/\/www.ameco.net\/wp-content\/uploads\/2019\/12\/tn-wheel-axle-shop-equipment.jpg\" width=\"60\" height=\"60\" alt=\"Wheel and Axle Shop Equipment\">\n\t\t\t\t<h3>Wheel and Axle Shop Equipment<\/h3>\n\t<\/a>\n\t<a href=\"\/?rw_product_category=locomotives-diesel-engines-and-components\">\n\t\t\t\t<img loading=\"lazy\" decoding=\"async\" src=\"https:\/\/www.ameco.net\/wp-content\/uploads\/2019\/12\/tn-locomotive-diesel-engines-components.jpg\" width=\"60\" height=\"60\" alt=\"Locomotoras, Motores Diesel y Componentes\">\n\t\t\t\t<h3>Locomotoras, Motores Diesel y Componentes<\/h3>\n\t<\/a>\n\t<h2>Proveedor Global<\/h2>\n\t\t\t\t<a href=\"https:\/\/www.ameco.net\/es\/administracion-de-exportaciones\/\" target=\"_self\" itemprop=\"url\" rel=\"noopener noreferrer\">\n\t\t\t\t<img loading=\"lazy\" decoding=\"async\" src=\"https:\/\/www.ameco.net\/wp-content\/uploads\/2019\/12\/export-management-720x378.jpg\" alt=\"Export Management\" itemprop=\"image\" height=\"378\" width=\"720\" title=\"Export Management\" onerror=\"this.style.display='none'\"  \/>\n\t\t\t\t<\/a>\n<h3><a href=\"https:\/\/www.ameco.net\/es\/administracion-de-exportaciones\/\" target=\"_self\" rel=\"noopener noreferrer\">Administraci\u00f3n de Exportaciones<\/a><\/h3>\t\t\n\t\t\t\t<a href=\"https:\/\/www.ameco.net\/es\/locaciones-globales\/\" target=\"_self\" itemprop=\"url\" rel=\"noopener noreferrer\">\n\t\t\t\t<img loading=\"lazy\" decoding=\"async\" src=\"https:\/\/www.ameco.net\/wp-content\/uploads\/2019\/12\/global-locations-720x378.jpg\" alt=\"Global Locations\" itemprop=\"image\" height=\"378\" width=\"720\" title=\"Global Locations\" onerror=\"this.style.display='none'\"  \/>\n\t\t\t\t<\/a>\n<h3><a href=\"https:\/\/www.ameco.net\/es\/locaciones-globales\/\" target=\"_self\" rel=\"noopener noreferrer\">Locaciones Globales<\/a><\/h3>\t\t\n\t\t\t\t<a href=\"https:\/\/www.ameco.net\/es\/perfil-de-la-compania\/\" target=\"_self\" itemprop=\"url\" rel=\"noopener noreferrer\">\n\t\t\t\t<img loading=\"lazy\" decoding=\"async\" src=\"https:\/\/www.ameco.net\/wp-content\/uploads\/2019\/12\/company-profile-720x378.jpg\" alt=\"Company Profile\" itemprop=\"image\" height=\"378\" width=\"720\" title=\"Company Profile\" onerror=\"this.style.display='none'\"  \/>\n\t\t\t\t<\/a>\n<h3><a href=\"https:\/\/www.ameco.net\/es\/perfil-de-la-compania\/\" target=\"_self\" rel=\"noopener noreferrer\">Perfil de la Compa\u00f1\u00eda<\/a><\/h3>\t\t\n\t\t\t\t<a href=\"https:\/\/www.ameco.net\/es\/blog\/\" target=\"_self\" itemprop=\"url\" rel=\"noopener noreferrer\">\n\t\t\t\t<img loading=\"lazy\" decoding=\"async\" src=\"https:\/\/www.ameco.net\/wp-content\/uploads\/2019\/12\/news-720x378.jpg\" alt=\"News\" itemprop=\"image\" height=\"378\" width=\"720\" title=\"News\" onerror=\"this.style.display='none'\"  \/>\n\t\t\t\t<\/a>\n<h3><a href=\"https:\/\/www.ameco.net\/es\/blog\/\" target=\"_self\" rel=\"noopener noreferrer\">Noticias<\/a><\/h3>\t\t\n\t<h2>A Message from Howard E. McCall, Jr. Chairman<\/h2>\n<p>Since 1946, AMECO has been active in export management of railway and industrial equipment. Our experience and worldwide business relationships make AMECO the best choice for expanding your international business opportunities. Please read more about our business in the Company Profile section and feel free to contact us via this site or our email address. We welcome your inquiries and requests for information.<\/p>\n","protected":false},"excerpt":{"rendered":"<p>American Equipment Company Equipamiento Ferroviario e Industrial Nuestros Productos Equipos de Mantenimiento de V\u00edas Herramientas de Taller de Locomotoras Rail &amp; Wheel Flaw Detection Locomotive Driver Simulators Equipos de V\u00eda Lateral Gr\u00faas Ferroviarias, Portuarias e Industriales Wheel and Axle Shop Equipment Locomotoras, Motores Diesel y Componentes Proveedor Global Administraci\u00f3n de Exportaciones Locaciones Globales Perfil de&hellip;<\/p>\n","protected":false},"author":9,"featured_media":0,"parent":0,"menu_order":0,"comment_status":"closed","ping_status":"closed","template":"","meta":{"_acf_changed":false,"footnotes":""},"class_list":["post-1507","page","type-page","status-publish","hentry"],"acf":[],"_links":{"self":[{"href":"https:\/\/www.ameco.net\/es\/wp-json\/wp\/v2\/pages\/1507","targetHints":{"allow":["GET"]}}],"collection":[{"href":"https:\/\/www.ameco.net\/es\/wp-json\/wp\/v2\/pages"}],"about":[{"href":"https:\/\/www.ameco.net\/es\/wp-json\/wp\/v2\/types\/page"}],"author":[{"embeddable":true,"href":"https:\/\/www.ameco.net\/es\/wp-json\/wp\/v2\/users\/9"}],"replies":[{"embeddable":true,"href":"https:\/\/www.ameco.net\/es\/wp-json\/wp\/v2\/comments?post=1507"}],"version-history":[{"count":3,"href":"https:\/\/www.ameco.net\/es\/wp-json\/wp\/v2\/pages\/1507\/revisions"}],"predecessor-version":[{"id":1560,"href":"https:\/\/www.ameco.net\/es\/wp-json\/wp\/v2\/pages\/1507\/revisions\/1560"}],"wp:attachment":[{"href":"https:\/\/www.ameco.net\/es\/wp-json\/wp\/v2\/media?parent=1507"}],"curies":[{"name":"wp","href":"https:\/\/api.w.org\/{rel}","templated":true}]}}